{"id":7,"date":"2011-02-18T22:15:52","date_gmt":"2011-02-18T22:15:52","guid":{"rendered":"http:\/\/www.saltsjo-duvnas-tapetserarverkstad.se\/wordpress\/?page_id=7"},"modified":"2026-03-02T14:35:17","modified_gmt":"2026-03-02T14:35:17","slug":"din-tapetserare-i-nacka","status":"publish","type":"page","link":"https:\/\/www.saltsjo-duvnas-tapetserarverkstad.se\/wordpress\/","title":{"rendered":"Din tapetserare i Nacka!"},"content":{"rendered":"<p>S\u00f6ker du en kunnig tapetserare med \u00f6ga f\u00f6r din m\u00f6bels stil och lyh\u00f6rdhet f\u00f6r dina \u00f6nskem\u00e5l? D\u00e5 har du hittat r\u00e4tt! I 40 \u00e5r har Saltsj\u00f6-Duvn\u00e4s Tapetserarverkstad hj\u00e4lpt privatpersoner och f\u00f6retag att f\u00f6rnya och bevara sina kl\u00e4dda och stoppade m\u00f6bler. Nyfiken p\u00e5 vad jag kan g\u00f6ra f\u00f6r dig? Be om en offert via <a href=\"https:\/\/www.saltsjo-duvnas-tapetserarverkstad.se\/wordpress\/kontakt\/\">kontaktformul\u00e4ret<\/a> eller boka en tid s\u00e5 att vi kan diskutera dina behov och \u00f6nskem\u00e5l i lugn och ro.<\/p>\n<p>V\u00e4lkommen till Saltsj\u00f6-Duvn\u00e4s Tapetserarverkstad \u2013 Din tapetserare i Nacka!<\/p>\n<p><strong>TRADITION<\/strong><\/p>\n<p>Saltsj\u00f6-Duvn\u00e4s Tapetserarverkstad \u00e4gs och drivs av mig, Annika Gu\u00e9rillon. Jag kl\u00e4r om och stoppar om alla slags sittm\u00f6bler, med fokus p\u00e5 \u00e4ldre m\u00f6bler fr\u00e5n 1700-1950 med traditionella tekniker och naturmaterial. <span style=\"font-size: inherit;\">Min passion \u00e4r bevarandetapetsering, det vill s\u00e4ga att g\u00f6ra antika m\u00f6bler sittbara utan att ber\u00f6va dem deras kulturhistoriska v\u00e4rde.\u00a0<\/span>Att varsamt f\u00f6rnya och renovera m\u00f6bler och ge dem ett uppdaterat\u00a0uttryck med respekt f\u00f6r deras stil och historia och med lyh\u00f6rdhet f\u00f6r dina \u00f6nskem\u00e5l! Genom att ge dina m\u00f6bler ett nytt liv bidrar vi ocks\u00e5 tillsammans till en mer h\u00e5llbar konsumtion.\u00a0<\/p>\n<p><strong>KUNSKAP<\/strong><\/p>\n<p>Tapetseraryrket har jag utbildat mig till p\u00e5 M\u00f6belhantverksg\u00e5rden i Enskede och genom att g\u00e5 i l\u00e4ra hos Viveca Brandberg, som tidigare drivit Saltsj\u00f6-Duvn\u00e4s Tapetserarverkstad. Viveca har gedigen utbildning och mer \u00e4n 30 \u00e5rs erfarenhet av tapetseraryrket och har l\u00e4rt mig hantverket fr\u00e5n grunden.\u00a0<\/p>\n<p><strong>KVALITET<\/strong><\/p>\n<p>Jag \u00e4r ocks\u00e5 innehavare av M\u00e4starbrev, vilket borgar f\u00f6r \u00e4kta hantverkskunnande. Om du anlitar mig utlovar jag ett h\u00f6gkvalitativt arbete d\u00e4r du kommer att kunna ha gl\u00e4dje av din m\u00f6bel under m\u00e5nga \u00e5r fram\u00e5t.\u00a0<\/p>\n<p>Medlem i Sveriges Tapetserarm\u00e4stares centralf\u00f6rening.\u00a0<\/p>\n\n\n<p><\/p>\n\n\n\n<div class=\"wp-block-columns is-layout-flex wp-container-core-columns-is-layout-9d6595d7 wp-block-columns-is-layout-flex\">\n<div class=\"wp-block-column is-layout-flow wp-block-column-is-layout-flow\">\n<figure class=\"wp-block-image size-full\"><img loading=\"lazy\" decoding=\"async\" width=\"972\" height=\"478\" src=\"https:\/\/www.saltsjo-duvnas-tapetserarverkstad.se\/wordpress\/wp-content\/uploads\/2020\/11\/stm-logga-stm-2015.jpg\" alt=\"\" class=\"wp-image-361\" style=\"aspect-ratio:2.0336286385825346\" srcset=\"https:\/\/www.saltsjo-duvnas-tapetserarverkstad.se\/wordpress\/wp-content\/uploads\/2020\/11\/stm-logga-stm-2015.jpg 972w, https:\/\/www.saltsjo-duvnas-tapetserarverkstad.se\/wordpress\/wp-content\/uploads\/2020\/11\/stm-logga-stm-2015-300x148.jpg 300w, https:\/\/www.saltsjo-duvnas-tapetserarverkstad.se\/wordpress\/wp-content\/uploads\/2020\/11\/stm-logga-stm-2015-768x378.jpg 768w\" sizes=\"auto, (max-width: 972px) 100vw, 972px\" \/><\/figure>\n<\/div>\n\n\n\n<div class=\"wp-block-column is-layout-flow wp-block-column-is-layout-flow\">\n<figure class=\"wp-block-image size-large\"><img loading=\"lazy\" decoding=\"async\" width=\"1024\" height=\"403\" src=\"https:\/\/www.saltsjo-duvnas-tapetserarverkstad.se\/wordpress\/wp-content\/uploads\/2026\/03\/MB_Logotyp_farg_liggande-2-1024x403.jpg\" alt=\"\" class=\"wp-image-772\" srcset=\"https:\/\/www.saltsjo-duvnas-tapetserarverkstad.se\/wordpress\/wp-content\/uploads\/2026\/03\/MB_Logotyp_farg_liggande-2-1024x403.jpg 1024w, https:\/\/www.saltsjo-duvnas-tapetserarverkstad.se\/wordpress\/wp-content\/uploads\/2026\/03\/MB_Logotyp_farg_liggande-2-300x118.jpg 300w, https:\/\/www.saltsjo-duvnas-tapetserarverkstad.se\/wordpress\/wp-content\/uploads\/2026\/03\/MB_Logotyp_farg_liggande-2-768x302.jpg 768w, https:\/\/www.saltsjo-duvnas-tapetserarverkstad.se\/wordpress\/wp-content\/uploads\/2026\/03\/MB_Logotyp_farg_liggande-2.jpg 1369w\" sizes=\"auto, (max-width: 1024px) 100vw, 1024px\" \/><\/figure>\n<\/div>\n<\/div>\n","protected":false},"excerpt":{"rendered":"<p>S\u00f6ker du en kunnig tapetserare med \u00f6ga f\u00f6r din m\u00f6bels stil och lyh\u00f6rdhet f\u00f6r dina \u00f6nskem\u00e5l? D\u00e5 har du hittat r\u00e4tt! I 40 \u00e5r har Saltsj\u00f6-Duvn\u00e4s Tapetserarverkstad hj\u00e4lpt privatpersoner och f\u00f6retag att f\u00f6rnya och bevara sina kl\u00e4dda och stoppade m\u00f6bler. Nyfiken p\u00e5 vad jag kan g\u00f6ra f\u00f6r dig? Be om en offert via kontaktformul\u00e4ret eller [&hellip;]<\/p>\n","protected":false},"author":1,"featured_media":0,"parent":0,"menu_order":0,"comment_status":"closed","ping_status":"closed","template":"","meta":{"om_disable_all_campaigns":false,"_monsterinsights_skip_tracking":false,"_monsterinsights_sitenote_active":false,"_monsterinsights_sitenote_note":"","_monsterinsights_sitenote_category":0,"footnotes":""},"class_list":["post-7","page","type-page","status-publish","czr-hentry"],"aioseo_notices":[],"_links":{"self":[{"href":"https:\/\/www.saltsjo-duvnas-tapetserarverkstad.se\/wordpress\/wp-json\/wp\/v2\/pages\/7","targetHints":{"allow":["GET"]}}],"collection":[{"href":"https:\/\/www.saltsjo-duvnas-tapetserarverkstad.se\/wordpress\/wp-json\/wp\/v2\/pages"}],"about":[{"href":"https:\/\/www.saltsjo-duvnas-tapetserarverkstad.se\/wordpress\/wp-json\/wp\/v2\/types\/page"}],"author":[{"embeddable":true,"href":"https:\/\/www.saltsjo-duvnas-tapetserarverkstad.se\/wordpress\/wp-json\/wp\/v2\/users\/1"}],"replies":[{"embeddable":true,"href":"https:\/\/www.saltsjo-duvnas-tapetserarverkstad.se\/wordpress\/wp-json\/wp\/v2\/comments?post=7"}],"version-history":[{"count":33,"href":"https:\/\/www.saltsjo-duvnas-tapetserarverkstad.se\/wordpress\/wp-json\/wp\/v2\/pages\/7\/revisions"}],"predecessor-version":[{"id":774,"href":"https:\/\/www.saltsjo-duvnas-tapetserarverkstad.se\/wordpress\/wp-json\/wp\/v2\/pages\/7\/revisions\/774"}],"wp:attachment":[{"href":"https:\/\/www.saltsjo-duvnas-tapetserarverkstad.se\/wordpress\/wp-json\/wp\/v2\/media?parent=7"}],"curies":[{"name":"wp","href":"https:\/\/api.w.org\/{rel}","templated":true}]}}