{"id":318,"date":"2020-08-31T11:13:31","date_gmt":"2020-08-31T11:13:31","guid":{"rendered":"http:\/\/www.saltsjo-duvnas-tapetserarverkstad.se\/wordpress\/?page_id=318"},"modified":"2026-01-24T19:34:58","modified_gmt":"2026-01-24T19:34:58","slug":"kontakt","status":"publish","type":"page","link":"https:\/\/www.saltsjo-duvnas-tapetserarverkstad.se\/wordpress\/kontakt\/","title":{"rendered":"Kontakt"},"content":{"rendered":"\n<p><strong>Telefon<\/strong>: 08-716 82 20<br><strong>E-post:<\/strong> info@duvnastapetserarverkstad.se<\/p>\n\n\n\n<p>Skicka din <strong>offertf\u00f6rfr\u00e5gan<\/strong> i formul\u00e4ret nedan: <\/p>\n\n\n<div class=\"wpforms-container wpforms-container-full wpforms-block wpforms-block-23f1dd64-4083-41f2-92db-b192f13340f1\" id=\"wpforms-317\"><form id=\"wpforms-form-317\" class=\"wpforms-validate wpforms-form\" data-formid=\"317\" method=\"post\" enctype=\"multipart\/form-data\" action=\"\/wordpress\/wp-json\/wp\/v2\/pages\/318?wpforms_form_id=317\" data-token=\"d58005be1bd1a41b73bfc085ddf7b8e4\" data-token-time=\"1777498528\"><noscript class=\"wpforms-error-noscript\">Aktivera JavaScript i din webbl\u00e4sare f\u00f6r att fylla i formul\u00e4ret.<\/noscript><div class=\"wpforms-field-container\"><div id=\"wpforms-317-field_4-container\" class=\"wpforms-field wpforms-field-name\" data-field-id=\"4\"><label class=\"wpforms-field-label\" for=\"wpforms-317-field_4\">Namn <span class=\"wpforms-required-label\">*<\/span><\/label><input type=\"text\" id=\"wpforms-317-field_4\" class=\"wpforms-field-medium wpforms-field-required\" name=\"wpforms[fields][4]\" required><\/div><div id=\"wpforms-317-field_1-container\" class=\"wpforms-field wpforms-field-email\" data-field-id=\"1\"><label class=\"wpforms-field-label\" for=\"wpforms-317-field_1\">E-post <span class=\"wpforms-required-label\">*<\/span><\/label><input type=\"email\" id=\"wpforms-317-field_1\" class=\"wpforms-field-medium wpforms-field-required\" data-rule-restricted-email=\"1\" name=\"wpforms[fields][1]\" spellcheck=\"false\" required><\/div><div id=\"wpforms-317-field_5-container\" class=\"wpforms-field wpforms-field-phone\" data-field-id=\"5\"><label class=\"wpforms-field-label\" for=\"wpforms-317-field_5\">Telefon <span class=\"wpforms-required-label\">*<\/span><\/label><input type=\"tel\" id=\"wpforms-317-field_5\" class=\"wpforms-field-medium wpforms-field-required\" data-rule-int-phone-field=\"true\" name=\"wpforms[fields][5]\" aria-label=\"Telefon\" required><\/div><div id=\"wpforms-317-field_2-container\" class=\"wpforms-field wpforms-field-textarea\" data-field-id=\"2\"><label class=\"wpforms-field-label\" for=\"wpforms-317-field_2\">Beskriv vad du vill ha hj\u00e4lp med: <span class=\"wpforms-required-label\">*<\/span><\/label><textarea id=\"wpforms-317-field_2\" class=\"wpforms-field-medium wpforms-field-required\" name=\"wpforms[fields][2]\" required><\/textarea><\/div><div id=\"wpforms-317-field_6-container\" class=\"wpforms-field wpforms-field-file-upload\" data-field-id=\"6\"><label class=\"wpforms-field-label\" for=\"wpforms-317-field_6\">Bifoga g\u00e4rna bild p\u00e5 din m\u00f6bel<\/label><div\n\t\tclass=\"wpforms-uploader \"\n\t\tdata-field-id=\"6\"\n\t\tdata-form-id=\"317\"\n\t\tdata-input-name=\"wpforms_317_6\"\n\t\tdata-extensions=\"jpg,jpeg,jpe,gif,png,bmp,tiff,tif,webp,avif,ico,heic,heif,heics,heifs,asf,asx,wmv,wmx,wm,avi,divx,mov,qt,mpeg,mpg,mpe,mp4,m4v,ogv,webm,mkv,3gp,3gpp,3g2,3gp2,txt,asc,c,cc,h,srt,csv,tsv,ics,rtx,css,vtt,mp3,m4a,m4b,aac,ra,ram,wav,x-wav,ogg,oga,flac,mid,midi,wma,wax,mka,rtf,pdf,class,tar,zip,gz,gzip,rar,7z,psd,xcf,doc,pot,pps,ppt,wri,xla,xls,xlt,xlw,mpp,docx,docm,dotx,dotm,xlsx,xlsm,xlsb,xltx,xltm,xlam,pptx,pptm,ppsx,ppsm,potx,potm,ppam,sldx,sldm,onetoc,onetoc2,onepkg,oxps,xps,odt,odp,ods,odg,odc,odb,odf,wp,wpd,key,numbers,pages\"\n\t\tdata-max-size=\"268435456\"\n\t\tdata-max-file-number=\"1\"\n\t\tdata-post-max-size=\"268435456\"\n\t\tdata-max-parallel-uploads=\"4\"\n\t\tdata-parallel-uploads=\"true\"\n\t\tdata-file-chunk-size=\"2097152\">\n\t<div class=\"dz-message\">\n\t\t<svg  viewBox=\"0 0 640 640\" focusable=\"false\" data-icon=\"inbox\" width=\"50px\" height=\"50px\" fill=\"currentColor\" aria-hidden=\"true\">\n\t\t\t<path d=\"M352 173.3L352 384C352 401.7 337.7 416 320 416C302.3 416 288 401.7 288 384L288 173.3L246.6 214.7C234.1 227.2 213.8 227.2 201.3 214.7C188.8 202.2 188.8 181.9 201.3 169.4L297.3 73.4C309.8 60.9 330.1 60.9 342.6 73.4L438.6 169.4C451.1 181.9 451.1 202.2 438.6 214.7C426.1 227.2 405.8 227.2 393.3 214.7L352 173.3zM320 464C364.2 464 400 428.2 400 384L480 384C515.3 384 544 412.7 544 448L544 480C544 515.3 515.3 544 480 544L160 544C124.7 544 96 515.3 96 480L96 448C96 412.7 124.7 384 160 384L240 384C240 428.2 275.8 464 320 464zM464 488C477.3 488 488 477.3 488 464C488 450.7 477.3 440 464 440C450.7 440 440 450.7 440 464C440 477.3 450.7 488 464 488z\"\/>\n\t\t<\/svg>\n\n\t\t<span class=\"modern-title\">\n\t\t\t\t\t\t\tDrag &amp; Drop Files, \t\t\t\t<span>Choose Files to Upload<\/span>\n\t\t\t\t\t<\/span>\n\n\t\t\t<\/div>\n<\/div>\n\n<input\n\t\ttype=\"text\"\n\t\tautocomplete=\"off\"\n\t\treadonly\n\t\tclass=\"dropzone-input\"\n\t\tstyle=\"position:absolute!important;clip:rect(0,0,0,0)!important;height:1px!important;width:1px!important;border:0!important;overflow:hidden!important;padding:0!important;margin:0!important;\"\n\t\tid=\"wpforms-317-field_6\"\n\t\tname=\"wpforms_317_6\" \t\tvalue=\"\">\n<\/div><div id=\"wpforms-317-field_11-container\" class=\"wpforms-field wpforms-field-gdpr-checkbox\" data-field-id=\"11\"><label class=\"wpforms-field-label\">Personuppgifter <span class=\"wpforms-required-label\">*<\/span><\/label><ul id=\"wpforms-317-field_11\" class=\"wpforms-field-required\"><li class=\"choice-1\"><input type=\"checkbox\" id=\"wpforms-317-field_11_1\" name=\"wpforms[fields][11][]\" value=\"Jag samtycker till att mina ovan l\u00e4mnade personuppgifter sparas och anv\u00e4nds i enlighet med &lt;a href=\u201chttps:\/\/www.saltsjo-duvnas-tapetserarverkstad.se\/wordpress\/wp-content\/uploads\/2020\/08\/GDPR-Saltsjo-Duvnas-Tapetserarverkstad-final.pdf\u201d target=\u201c_blank\u201d&gt;Saltsj\u00f6-Duvn\u00e4s Tapetserarverkstads GDPR-policy&lt;\/a&gt;.\" required ><label class=\"wpforms-field-label-inline\" for=\"wpforms-317-field_11_1\">Jag samtycker till att mina ovan l\u00e4mnade personuppgifter sparas och anv\u00e4nds i enlighet med <a href=\"\/\/www.saltsjo-duvnas-tapetserarverkstad.se\/wordpress\/wp-content\/uploads\/2020\/08\/GDPR-Saltsjo-Duvnas-Tapetserarverkstad-final.pdf\u201d\" target=\"\u201c_blank\u201d\">Saltsj\u00f6-Duvn\u00e4s Tapetserarverkstads GDPR-policy<\/a>.<\/label><\/li><\/ul><\/div><\/div><!-- .wpforms-field-container --><div class=\"wpforms-submit-container\" ><input type=\"hidden\" name=\"wpforms[id]\" value=\"317\"><input type=\"hidden\" name=\"page_title\" value=\"\"><input type=\"hidden\" name=\"page_url\" value=\"https:\/\/www.saltsjo-duvnas-tapetserarverkstad.se\/wordpress\/wp-json\/wp\/v2\/pages\/318\"><input type=\"hidden\" name=\"url_referer\" value=\"\"><button type=\"submit\" name=\"wpforms[submit]\" id=\"wpforms-submit-317\" class=\"wpforms-submit\" data-alt-text=\"Skickar\" data-submit-text=\"Skicka\" aria-live=\"assertive\" value=\"wpforms-submit\">Skicka<\/button><\/div><\/form><\/div>  <!-- .wpforms-container -->","protected":false},"excerpt":{"rendered":"<p>Telefon: 08-716 82 20E-post: info@duvnastapetserarverkstad.se Skicka din offertf\u00f6rfr\u00e5gan i formul\u00e4ret nedan:<\/p>\n","protected":false},"author":4,"featured_media":0,"parent":0,"menu_order":0,"comment_status":"closed","ping_status":"closed","template":"","meta":{"om_disable_all_campaigns":false,"_monsterinsights_skip_tracking":false,"_monsterinsights_sitenote_active":false,"_monsterinsights_sitenote_note":"","_monsterinsights_sitenote_category":0,"footnotes":""},"class_list":["post-318","page","type-page","status-publish","czr-hentry"],"aioseo_notices":[],"_links":{"self":[{"href":"https:\/\/www.saltsjo-duvnas-tapetserarverkstad.se\/wordpress\/wp-json\/wp\/v2\/pages\/318","targetHints":{"allow":["GET"]}}],"collection":[{"href":"https:\/\/www.saltsjo-duvnas-tapetserarverkstad.se\/wordpress\/wp-json\/wp\/v2\/pages"}],"about":[{"href":"https:\/\/www.saltsjo-duvnas-tapetserarverkstad.se\/wordpress\/wp-json\/wp\/v2\/types\/page"}],"author":[{"embeddable":true,"href":"https:\/\/www.saltsjo-duvnas-tapetserarverkstad.se\/wordpress\/wp-json\/wp\/v2\/users\/4"}],"replies":[{"embeddable":true,"href":"https:\/\/www.saltsjo-duvnas-tapetserarverkstad.se\/wordpress\/wp-json\/wp\/v2\/comments?post=318"}],"version-history":[{"count":7,"href":"https:\/\/www.saltsjo-duvnas-tapetserarverkstad.se\/wordpress\/wp-json\/wp\/v2\/pages\/318\/revisions"}],"predecessor-version":[{"id":760,"href":"https:\/\/www.saltsjo-duvnas-tapetserarverkstad.se\/wordpress\/wp-json\/wp\/v2\/pages\/318\/revisions\/760"}],"wp:attachment":[{"href":"https:\/\/www.saltsjo-duvnas-tapetserarverkstad.se\/wordpress\/wp-json\/wp\/v2\/media?parent=318"}],"curies":[{"name":"wp","href":"https:\/\/api.w.org\/{rel}","templated":true}]}}