{"id":262,"date":"2020-08-31T07:46:40","date_gmt":"2020-08-31T07:46:40","guid":{"rendered":"http:\/\/www.saltsjo-duvnas-tapetserarverkstad.se\/wordpress\/?page_id=262"},"modified":"2025-12-07T13:52:38","modified_gmt":"2025-12-07T13:52:38","slug":"det-har-gor-en-tapetserare","status":"publish","type":"page","link":"https:\/\/www.saltsjo-duvnas-tapetserarverkstad.se\/wordpress\/det-har-gor-en-tapetserare\/","title":{"rendered":"V\u00e5ra tj\u00e4nster"},"content":{"rendered":"\n<p><strong>Vi kl\u00e4r om<\/strong><br>Med en ny kl\u00e4dsel f\u00e5r din m\u00f6bel nytt liv och h\u00e5ller f\u00f6r m\u00e5nga \u00e5rs regelbunden anv\u00e4ndning. Dessutom f\u00e5r du din m\u00f6bel precis som du vill ha den! Den blir unik. Vi kl\u00e4r om stolar, f\u00e5t\u00f6ljer och soffor, syr plym\u00e5er, dynor och kuddar, byter rotting mm. Du kan ocks\u00e5 v\u00e4lja att f\u00e5 armst\u00f6dsskydd och nackskydd uppsydda f\u00f6r att h\u00e5lla din m\u00f6bel fr\u00e4sch och fin l\u00e4ngre. Det \u00e4r viktigt att v\u00e4lja ett m\u00f6beltyg av god kvalitet f\u00f6r att f\u00f6rl\u00e4nga livsl\u00e4ngden p\u00e5 omkl\u00e4dseln. Vi har tygprover p\u00e5 en m\u00e4ngd fina m\u00f6beltyger av h\u00f6g kvalitet, som man kan l\u00e5na hem och titta p\u00e5 i lugn och ro.<\/p>\n\n\n\n<figure class=\"wp-block-image size-full\"><img loading=\"lazy\" decoding=\"async\" width=\"240\" height=\"320\" src=\"https:\/\/www.saltsjo-duvnas-tapetserarverkstad.se\/wordpress\/wp-content\/uploads\/2022\/10\/Kladsel-2.jpeg\" alt=\"\" class=\"wp-image-500\" srcset=\"https:\/\/www.saltsjo-duvnas-tapetserarverkstad.se\/wordpress\/wp-content\/uploads\/2022\/10\/Kladsel-2.jpeg 240w, https:\/\/www.saltsjo-duvnas-tapetserarverkstad.se\/wordpress\/wp-content\/uploads\/2022\/10\/Kladsel-2-225x300.jpeg 225w\" sizes=\"auto, (max-width: 240px) 100vw, 240px\" \/><\/figure>\n\n\n\n<p><strong>Vi stoppar\u00a0om<\/strong><br>En stoppning best\u00e5r oftast av en grundstoppning som \u00e4r fast och kompakt och en \u00f6verstoppning som ger sittkomfort och ergonomi. P\u00e5 \u00e4ldre m\u00f6bler best\u00e5r grundstoppningen oftast av krollsplint som \u00e4r rivna palmblad, eller \u00e4delfiber som g\u00f6rs av fibrerna p\u00e5 utsidan av en kokosn\u00f6t! \u00d6verstoppningen \u00e4r oftast gjord av tagel. P\u00e5 moderna m\u00f6bler best\u00e5r stoppningen oftast av polyeter. Med \u00e5ren slits stoppningen och kan beh\u00f6va renoveras. D\u00e5 l\u00e4gger vi p\u00e5 nytt material och \u00e5terst\u00e4ller stoppningens form och funktion.\u00a0<\/p>\n\n\n\n<figure class=\"wp-block-image size-full\"><img loading=\"lazy\" decoding=\"async\" width=\"240\" height=\"320\" src=\"https:\/\/www.saltsjo-duvnas-tapetserarverkstad.se\/wordpress\/wp-content\/uploads\/2022\/10\/Grundstoppning.jpeg\" alt=\"\" class=\"wp-image-502\" srcset=\"https:\/\/www.saltsjo-duvnas-tapetserarverkstad.se\/wordpress\/wp-content\/uploads\/2022\/10\/Grundstoppning.jpeg 240w, https:\/\/www.saltsjo-duvnas-tapetserarverkstad.se\/wordpress\/wp-content\/uploads\/2022\/10\/Grundstoppning-225x300.jpeg 225w\" sizes=\"auto, (max-width: 240px) 100vw, 240px\" \/><\/figure>\n\n\n\n<p><strong>Vi knyter om<\/strong><br>En res\u00e5rsits best\u00e5r av frist\u00e5ende res\u00e5rer som knyts samman med garn i ett system f\u00f6r att f\u00e5 en stabilt och lagom fj\u00e4drande underlag i sitsen. Med tiden slits garnen p\u00e5 grund av friktionen som uppst\u00e5r varje g\u00e5ng man s\u00e4tter sig och reser sig fr\u00e5n m\u00f6beln. Till slut\u00a0g\u00e5r de av och sitsen tappar sin stabilitet. D\u00e5 kan vi laga de garn som g\u00e5tt av om det \u00e4r m\u00f6jligt, annars knyta om res\u00e5rhuset med nya res\u00e5rer och nytt garn s\u00e5 att det \u00e5terf\u00e5r sin funktion.\u00a0<\/p>\n\n\n\n<div class=\"wp-block-columns is-layout-flex wp-container-core-columns-is-layout-9d6595d7 wp-block-columns-is-layout-flex\">\n<div class=\"wp-block-column is-layout-flow wp-block-column-is-layout-flow\" style=\"flex-basis:100%\">\n<figure class=\"wp-block-image size-full\"><img loading=\"lazy\" decoding=\"async\" width=\"240\" height=\"320\" src=\"https:\/\/www.saltsjo-duvnas-tapetserarverkstad.se\/wordpress\/wp-content\/uploads\/2022\/10\/Resarer.jpeg\" alt=\"\" class=\"wp-image-496\" srcset=\"https:\/\/www.saltsjo-duvnas-tapetserarverkstad.se\/wordpress\/wp-content\/uploads\/2022\/10\/Resarer.jpeg 240w, https:\/\/www.saltsjo-duvnas-tapetserarverkstad.se\/wordpress\/wp-content\/uploads\/2022\/10\/Resarer-225x300.jpeg 225w\" sizes=\"auto, (max-width: 240px) 100vw, 240px\" \/><\/figure>\n<\/div>\n<\/div>\n","protected":false},"excerpt":{"rendered":"<p>Vi kl\u00e4r omMed en ny kl\u00e4dsel f\u00e5r din m\u00f6bel nytt liv och h\u00e5ller f\u00f6r m\u00e5nga \u00e5rs regelbunden anv\u00e4ndning. Dessutom f\u00e5r du din m\u00f6bel precis som du vill ha den! Den blir unik. Vi kl\u00e4r om stolar, f\u00e5t\u00f6ljer och soffor, syr plym\u00e5er, dynor och kuddar, byter rotting mm. Du kan ocks\u00e5 v\u00e4lja att f\u00e5 armst\u00f6dsskydd och [&hellip;]<\/p>\n","protected":false},"author":4,"featured_media":0,"parent":0,"menu_order":0,"comment_status":"closed","ping_status":"closed","template":"","meta":{"om_disable_all_campaigns":false,"_monsterinsights_skip_tracking":false,"_monsterinsights_sitenote_active":false,"_monsterinsights_sitenote_note":"","_monsterinsights_sitenote_category":0,"footnotes":""},"class_list":["post-262","page","type-page","status-publish","czr-hentry"],"aioseo_notices":[],"_links":{"self":[{"href":"https:\/\/www.saltsjo-duvnas-tapetserarverkstad.se\/wordpress\/wp-json\/wp\/v2\/pages\/262","targetHints":{"allow":["GET"]}}],"collection":[{"href":"https:\/\/www.saltsjo-duvnas-tapetserarverkstad.se\/wordpress\/wp-json\/wp\/v2\/pages"}],"about":[{"href":"https:\/\/www.saltsjo-duvnas-tapetserarverkstad.se\/wordpress\/wp-json\/wp\/v2\/types\/page"}],"author":[{"embeddable":true,"href":"https:\/\/www.saltsjo-duvnas-tapetserarverkstad.se\/wordpress\/wp-json\/wp\/v2\/users\/4"}],"replies":[{"embeddable":true,"href":"https:\/\/www.saltsjo-duvnas-tapetserarverkstad.se\/wordpress\/wp-json\/wp\/v2\/comments?post=262"}],"version-history":[{"count":13,"href":"https:\/\/www.saltsjo-duvnas-tapetserarverkstad.se\/wordpress\/wp-json\/wp\/v2\/pages\/262\/revisions"}],"predecessor-version":[{"id":751,"href":"https:\/\/www.saltsjo-duvnas-tapetserarverkstad.se\/wordpress\/wp-json\/wp\/v2\/pages\/262\/revisions\/751"}],"wp:attachment":[{"href":"https:\/\/www.saltsjo-duvnas-tapetserarverkstad.se\/wordpress\/wp-json\/wp\/v2\/media?parent=262"}],"curies":[{"name":"wp","href":"https:\/\/api.w.org\/{rel}","templated":true}]}}